{"id":17,"date":"2020-04-29T13:06:23","date_gmt":"2020-04-29T13:06:23","guid":{"rendered":"http:\/\/trottersforall.com\/?page_id=17"},"modified":"2020-06-05T12:50:07","modified_gmt":"2020-06-05T12:50:07","slug":"stables","status":"publish","type":"page","link":"https:\/\/trottersforall.com\/sv\/stables\/","title":{"rendered":"G\u00c5RDEN"},"content":{"rendered":"<p><div class=\"fusion-fullwidth fullwidth-box fusion-builder-row-1 nonhundred-percent-fullwidth non-hundred-percent-height-scrolling\"  style='background-color: rgba(255,255,255,0);background-position: center center;background-repeat: no-repeat;padding-top:0px;padding-right:0px;padding-bottom:0px;padding-left:0px;'><div class=\"fusion-builder-row fusion-row\"><div  class=\"fusion-layout-column fusion_builder_column fusion_builder_column_1_2 fusion-builder-column-0 fusion-one-half fusion-column-first 1_2\"  style='margin-top:0px;margin-bottom:20px;width:50%;width:calc(50% - ( ( 4% ) * 0.5 ) );margin-right: 4%;'><div class=\"fusion-column-wrapper\" style=\"padding: 0px 0px 0px 0px;background-position:left top;background-repeat:no-repeat;-webkit-background-size:cover;-moz-background-size:cover;-o-background-size:cover;background-size:cover;\"   data-bg-url=\"\"><span class=\"fusion-imageframe imageframe-none imageframe-1 hover-type-none\"><img loading=\"lazy\" src=\"http:\/\/trottersforall.com\/wp-content\/uploads\/2020\/06\/Jan-Henriksson-skor-h\u00e4st.jpg\" width=\"833\" height=\"1229\" alt=\"\" title=\"Jan Henriksson skor h\u00e4st\" class=\"img-responsive wp-image-202\" srcset=\"https:\/\/trottersforall.com\/wp-content\/uploads\/2020\/06\/Jan-Henriksson-skor-h\u00e4st-200x295.jpg 200w, https:\/\/trottersforall.com\/wp-content\/uploads\/2020\/06\/Jan-Henriksson-skor-h\u00e4st-400x590.jpg 400w, https:\/\/trottersforall.com\/wp-content\/uploads\/2020\/06\/Jan-Henriksson-skor-h\u00e4st-600x885.jpg 600w, https:\/\/trottersforall.com\/wp-content\/uploads\/2020\/06\/Jan-Henriksson-skor-h\u00e4st-800x1180.jpg 800w, https:\/\/trottersforall.com\/wp-content\/uploads\/2020\/06\/Jan-Henriksson-skor-h\u00e4st.jpg 833w\" sizes=\"(max-width: 800px) 100vw, 600px\" \/><\/span><div class=\"fusion-text\"><h5>Jan Henriksson \u2013 <em>F\u00f6rs\u00e4jningsansvarig.<\/em><\/h5>\n<p>Janne \u00e4r f\u00f6dd -74 i Vit\u00e5, Norrland och b\u00f6rjade som amat\u00f6rtr\u00e4nare och hovslagare p\u00e5 Bodentravet. 2000 flyttade han verksamheten s\u00f6derut till J\u00e4gersro, Malm\u00f6 f\u00f6r att f\u00e5 l\u00e4ngre t\u00e4vlingss\u00e4song och fr\u00e5n 2016 h\u00e5ller teamet till p\u00e5 F\u00e5r\u00f6na travcamp, Kv\u00e4num \u2013 25 minuter fr\u00e5n Axevalla travbana.<\/p>\n<p>H\u00e4star som betytt mycket: En\u00f6gda Elsa Ur Dijon som kvalade in till Breederscrown som 3 och 4-\u00e5ring. Carl Hoka som Janne tog sin f\u00f6rsta tr\u00e4narseger med.<\/p>\n<p>2009- K\u00f6rvenschampion, Tingsryd. \n\n2019- \u00c5rets L\u00e4rling, Axevalla. \n\n2020- \u00c5rets K-Licens, Axevalla.<\/p>\n<\/div><div class=\"fusion-clearfix\"><\/div><\/div><\/div><div  class=\"fusion-layout-column fusion_builder_column fusion_builder_column_1_2 fusion-builder-column-1 fusion-one-half fusion-column-last 1_2\"  style='margin-top:0px;margin-bottom:20px;width:50%;width:calc(50% - ( ( 4% ) * 0.5 ) );'><div class=\"fusion-column-wrapper\" style=\"padding: 0px 0px 0px 0px;background-position:left top;background-repeat:no-repeat;-webkit-background-size:cover;-moz-background-size:cover;-o-background-size:cover;background-size:cover;\"   data-bg-url=\"\"><span class=\"fusion-imageframe imageframe-none imageframe-2 hover-type-none\"><img loading=\"lazy\" src=\"http:\/\/trottersforall.com\/wp-content\/uploads\/2020\/06\/Jeanet-\u00e5rman-h\u00e4stmass\u00f6r.jpg\" width=\"833\" height=\"1230\" alt=\"\" title=\"Jeanet \u00e5rman h\u00e4stmass\u00f6r\" class=\"img-responsive wp-image-201\" srcset=\"https:\/\/trottersforall.com\/wp-content\/uploads\/2020\/06\/Jeanet-\u00e5rman-h\u00e4stmass\u00f6r-200x295.jpg 200w, https:\/\/trottersforall.com\/wp-content\/uploads\/2020\/06\/Jeanet-\u00e5rman-h\u00e4stmass\u00f6r-400x591.jpg 400w, https:\/\/trottersforall.com\/wp-content\/uploads\/2020\/06\/Jeanet-\u00e5rman-h\u00e4stmass\u00f6r-600x886.jpg 600w, https:\/\/trottersforall.com\/wp-content\/uploads\/2020\/06\/Jeanet-\u00e5rman-h\u00e4stmass\u00f6r-800x1181.jpg 800w, https:\/\/trottersforall.com\/wp-content\/uploads\/2020\/06\/Jeanet-\u00e5rman-h\u00e4stmass\u00f6r.jpg 833w\" sizes=\"(max-width: 800px) 100vw, 600px\" \/><\/span><div class=\"fusion-text\"><h5>Jeanet \u00c5rman &#8211;\u00a0 <em>H\u00e4stmass\u00f6r och Tr\u00e4nare.<\/em><\/h5>\n<p>Jeanet f\u00f6dd -83, har haft h\u00e4star kring sig hela livet. Hon b\u00f6rjade tidigt att sommarjobba i travstall f\u00f6r att sedan utbilda sig p\u00e5 J\u00e4lla h\u00e4stgymnasie. \n\nG\u00e4vletravet var f\u00f6rsta hemabanan. D\u00e4r tog hon ut amat\u00f6r och k\u00f6r licens.<\/p>\n<p>2009 vidare utbildade hon sig till GSM mass\u00f6r f\u00f6r att kunna rehabilitera och f\u00f6rebygga skador hos h\u00e4starna. Hon \u00e4r nu Diplomerad Massage och  Elektroterapeut.<\/p>\n<p>Favorith\u00e4starna: Sparkled Face som t\u00e4vlade f\u00f6r oss och satte Svenskt rekord \u00f6ver l\u00e5ng distans och Cayucos.<\/p>\n<div>\n<div class=\"gmail_signature\" dir=\"ltr\" data-smartmail=\"gmail_signature\">\n<div dir=\"ltr\">\n<div>\n<div dir=\"ltr\">\n<div>\n<div dir=\"ltr\">\n<div dir=\"ltr\">\n<div dir=\"ltr\">\n<div dir=\"ltr\">\n<div dir=\"ltr\">\n<div dir=\"ltr\">\n<div dir=\"ltr\">\n<div dir=\"ltr\">\n<div dir=\"ltr\">\n<div dir=\"ltr\">\n<div dir=\"ltr\">\n<div dir=\"ltr\">\n<div><\/div>\n<\/div>\n<\/div>\n<\/div>\n<\/div>\n<\/div>\n<\/div>\n<\/div>\n<\/div>\n<\/div>\n<\/div>\n<\/div>\n<\/div>\n<\/div>\n<\/div>\n<\/div>\n<\/div>\n<\/div>\n<\/div>\n<\/div><div class=\"fusion-clearfix\"><\/div><\/div><\/div><\/div><\/div><style type=\"text\/css\">.fusion-fullwidth.fusion-builder-row-1 a:not(.fusion-button):not(.fusion-builder-module-control):not(.fusion-social-network-icon):not(.fb-icon-element):not(.fusion-countdown-link):not(.fusion-rollover-link):not(.fusion-rollover-gallery):not(.fusion-button-bar):not(.add_to_cart_button):not(.show_details_button):not(.product_type_external):not(.fusion-quick-view):not(.fusion-rollover-title-link):not(.fusion-breadcrumb-link) , .fusion-fullwidth.fusion-builder-row-1 a:not(.fusion-button):not(.fusion-builder-module-control):not(.fusion-social-network-icon):not(.fb-icon-element):not(.fusion-countdown-link):not(.fusion-rollover-link):not(.fusion-rollover-gallery):not(.fusion-button-bar):not(.add_to_cart_button):not(.show_details_button):not(.product_type_external):not(.fusion-quick-view):not(.fusion-rollover-title-link):not(.fusion-breadcrumb-link):before, .fusion-fullwidth.fusion-builder-row-1 a:not(.fusion-button):not(.fusion-builder-module-control):not(.fusion-social-network-icon):not(.fb-icon-element):not(.fusion-countdown-link):not(.fusion-rollover-link):not(.fusion-rollover-gallery):not(.fusion-button-bar):not(.add_to_cart_button):not(.show_details_button):not(.product_type_external):not(.fusion-quick-view):not(.fusion-rollover-title-link):not(.fusion-breadcrumb-link):after {color: #343e4e;}.fusion-fullwidth.fusion-builder-row-1 a:not(.fusion-button):not(.fusion-builder-module-control):not(.fusion-social-network-icon):not(.fb-icon-element):not(.fusion-countdown-link):not(.fusion-rollover-link):not(.fusion-rollover-gallery):not(.fusion-button-bar):not(.add_to_cart_button):not(.show_details_button):not(.product_type_external):not(.fusion-quick-view):not(.fusion-rollover-title-link):not(.fusion-breadcrumb-link):hover, .fusion-fullwidth.fusion-builder-row-1 a:not(.fusion-button):not(.fusion-builder-module-control):not(.fusion-social-network-icon):not(.fb-icon-element):not(.fusion-countdown-link):not(.fusion-rollover-link):not(.fusion-rollover-gallery):not(.fusion-button-bar):not(.add_to_cart_button):not(.show_details_button):not(.product_type_external):not(.fusion-quick-view):not(.fusion-rollover-title-link):not(.fusion-breadcrumb-link):hover:before, .fusion-fullwidth.fusion-builder-row-1 a:not(.fusion-button):not(.fusion-builder-module-control):not(.fusion-social-network-icon):not(.fb-icon-element):not(.fusion-countdown-link):not(.fusion-rollover-link):not(.fusion-rollover-gallery):not(.fusion-button-bar):not(.add_to_cart_button):not(.show_details_button):not(.product_type_external):not(.fusion-quick-view):not(.fusion-rollover-title-link):not(.fusion-breadcrumb-link):hover:after {color: #bfcbd1;}.fusion-fullwidth.fusion-builder-row-1 .pagination a.inactive:hover, .fusion-fullwidth.fusion-builder-row-1 .fusion-filters .fusion-filter.fusion-active a {border-color: #bfcbd1;}.fusion-fullwidth.fusion-builder-row-1 .pagination .current {border-color: #bfcbd1; background-color: #bfcbd1;}.fusion-fullwidth.fusion-builder-row-1 .fusion-filters .fusion-filter.fusion-active a, .fusion-fullwidth.fusion-builder-row-1 .fusion-date-and-formats .fusion-format-box, .fusion-fullwidth.fusion-builder-row-1 .fusion-popover, .fusion-fullwidth.fusion-builder-row-1 .tooltip-shortcode {color: #bfcbd1;}#main .fusion-fullwidth.fusion-builder-row-1 .post .blog-shortcode-post-title a:hover {color: #bfcbd1;}<\/style><div class=\"fusion-fullwidth fullwidth-box fusion-builder-row-2 nonhundred-percent-fullwidth non-hundred-percent-height-scrolling\"  style='background-color: rgba(255,255,255,0);background-position: center center;background-repeat: no-repeat;padding-top:30px;padding-right:0px;padding-bottom:0px;padding-left:0px;'><div class=\"fusion-builder-row fusion-row\"><div  class=\"fusion-layout-column fusion_builder_column fusion_builder_column_1_1 fusion-builder-column-2 fusion-one-full fusion-column-first fusion-column-last 1_1\"  style='margin-top:0px;margin-bottom:20px;'><div class=\"fusion-column-wrapper\" style=\"padding: 0px 0px 0px 0px;background-position:left top;background-repeat:no-repeat;-webkit-background-size:cover;-moz-background-size:cover;-o-background-size:cover;background-size:cover;\"   data-bg-url=\"\"><span class=\"fusion-imageframe imageframe-none imageframe-3 hover-type-none\"><img loading=\"lazy\" src=\"http:\/\/trottersforall.com\/wp-content\/uploads\/2020\/06\/trotter-camp-overview.jpg\" width=\"1320\" height=\"742\" alt=\"\" title=\"trotter camp overview\" class=\"img-responsive wp-image-206\" srcset=\"https:\/\/trottersforall.com\/wp-content\/uploads\/2020\/06\/trotter-camp-overview-200x112.jpg 200w, https:\/\/trottersforall.com\/wp-content\/uploads\/2020\/06\/trotter-camp-overview-400x225.jpg 400w, https:\/\/trottersforall.com\/wp-content\/uploads\/2020\/06\/trotter-camp-overview-600x337.jpg 600w, https:\/\/trottersforall.com\/wp-content\/uploads\/2020\/06\/trotter-camp-overview-800x450.jpg 800w, https:\/\/trottersforall.com\/wp-content\/uploads\/2020\/06\/trotter-camp-overview-1200x675.jpg 1200w, https:\/\/trottersforall.com\/wp-content\/uploads\/2020\/06\/trotter-camp-overview.jpg 1320w\" sizes=\"(max-width: 800px) 100vw, 1320px\" \/><\/span><div class=\"fusion-text\"><\/div><div class=\"fusion-clearfix\"><\/div><\/div><\/div><\/div><\/div><style type=\"text\/css\">.fusion-fullwidth.fusion-builder-row-2 a:not(.fusion-button):not(.fusion-builder-module-control):not(.fusion-social-network-icon):not(.fb-icon-element):not(.fusion-countdown-link):not(.fusion-rollover-link):not(.fusion-rollover-gallery):not(.fusion-button-bar):not(.add_to_cart_button):not(.show_details_button):not(.product_type_external):not(.fusion-quick-view):not(.fusion-rollover-title-link):not(.fusion-breadcrumb-link) , .fusion-fullwidth.fusion-builder-row-2 a:not(.fusion-button):not(.fusion-builder-module-control):not(.fusion-social-network-icon):not(.fb-icon-element):not(.fusion-countdown-link):not(.fusion-rollover-link):not(.fusion-rollover-gallery):not(.fusion-button-bar):not(.add_to_cart_button):not(.show_details_button):not(.product_type_external):not(.fusion-quick-view):not(.fusion-rollover-title-link):not(.fusion-breadcrumb-link):before, .fusion-fullwidth.fusion-builder-row-2 a:not(.fusion-button):not(.fusion-builder-module-control):not(.fusion-social-network-icon):not(.fb-icon-element):not(.fusion-countdown-link):not(.fusion-rollover-link):not(.fusion-rollover-gallery):not(.fusion-button-bar):not(.add_to_cart_button):not(.show_details_button):not(.product_type_external):not(.fusion-quick-view):not(.fusion-rollover-title-link):not(.fusion-breadcrumb-link):after {color: #343e4e;}.fusion-fullwidth.fusion-builder-row-2 a:not(.fusion-button):not(.fusion-builder-module-control):not(.fusion-social-network-icon):not(.fb-icon-element):not(.fusion-countdown-link):not(.fusion-rollover-link):not(.fusion-rollover-gallery):not(.fusion-button-bar):not(.add_to_cart_button):not(.show_details_button):not(.product_type_external):not(.fusion-quick-view):not(.fusion-rollover-title-link):not(.fusion-breadcrumb-link):hover, .fusion-fullwidth.fusion-builder-row-2 a:not(.fusion-button):not(.fusion-builder-module-control):not(.fusion-social-network-icon):not(.fb-icon-element):not(.fusion-countdown-link):not(.fusion-rollover-link):not(.fusion-rollover-gallery):not(.fusion-button-bar):not(.add_to_cart_button):not(.show_details_button):not(.product_type_external):not(.fusion-quick-view):not(.fusion-rollover-title-link):not(.fusion-breadcrumb-link):hover:before, .fusion-fullwidth.fusion-builder-row-2 a:not(.fusion-button):not(.fusion-builder-module-control):not(.fusion-social-network-icon):not(.fb-icon-element):not(.fusion-countdown-link):not(.fusion-rollover-link):not(.fusion-rollover-gallery):not(.fusion-button-bar):not(.add_to_cart_button):not(.show_details_button):not(.product_type_external):not(.fusion-quick-view):not(.fusion-rollover-title-link):not(.fusion-breadcrumb-link):hover:after {color: #bfcbd1;}.fusion-fullwidth.fusion-builder-row-2 .pagination a.inactive:hover, .fusion-fullwidth.fusion-builder-row-2 .fusion-filters .fusion-filter.fusion-active a {border-color: #bfcbd1;}.fusion-fullwidth.fusion-builder-row-2 .pagination .current {border-color: #bfcbd1; background-color: #bfcbd1;}.fusion-fullwidth.fusion-builder-row-2 .fusion-filters .fusion-filter.fusion-active a, .fusion-fullwidth.fusion-builder-row-2 .fusion-date-and-formats .fusion-format-box, .fusion-fullwidth.fusion-builder-row-2 .fusion-popover, .fusion-fullwidth.fusion-builder-row-2 .tooltip-shortcode {color: #bfcbd1;}#main .fusion-fullwidth.fusion-builder-row-2 .post .blog-shortcode-post-title a:hover {color: #bfcbd1;}<\/style><div class=\"fusion-fullwidth fullwidth-box fusion-builder-row-3 nonhundred-percent-fullwidth non-hundred-percent-height-scrolling\"  style='background-color: rgba(255,255,255,0);background-position: center center;background-repeat: no-repeat;padding-top:0px;padding-right:0px;padding-bottom:0px;padding-left:0px;'><div class=\"fusion-builder-row fusion-row\"><div  class=\"fusion-layout-column fusion_builder_column fusion_builder_column_1_1 fusion-builder-column-3 fusion-one-full fusion-column-first fusion-column-last 1_1\"  style='margin-top:0px;margin-bottom:20px;'><div class=\"fusion-column-wrapper\" style=\"padding: 0px 0px 0px 0px;background-position:left top;background-repeat:no-repeat;-webkit-background-size:cover;-moz-background-size:cover;-o-background-size:cover;background-size:cover;\"   data-bg-url=\"\"><div class=\"fusion-text\"><h5 style=\"text-align: center;\"><b>F\u00e5r\u00f6na Camp &#8211; <em>25 minuter fr\u00e5n Axevalla.<\/em><\/b><\/h5>\n<p style=\"text-align: center;\">1200 m rakbana \u2013  8 km sand slinga  \u2013  Djupsandbana f\u00f6r ridtr\u00e4ning  \u2013  Uteboxar och stora hagar.<\/p>\n<p style=\"text-align: center;\">P\u00e5 g\u00e5rden har vi \u00e4ven en rundvolt, skrittmaskin och en sj\u00f6 d\u00e4r vi under sommaren simmar h\u00e4starna. V\u00e4lkomna in p\u00e5 en fika och rundtur!<\/p>\n<\/div><div class=\"fusion-clearfix\"><\/div><\/div><\/div><\/div><\/div><style type=\"text\/css\">.fusion-fullwidth.fusion-builder-row-3 a:not(.fusion-button):not(.fusion-builder-module-control):not(.fusion-social-network-icon):not(.fb-icon-element):not(.fusion-countdown-link):not(.fusion-rollover-link):not(.fusion-rollover-gallery):not(.fusion-button-bar):not(.add_to_cart_button):not(.show_details_button):not(.product_type_external):not(.fusion-quick-view):not(.fusion-rollover-title-link):not(.fusion-breadcrumb-link) , .fusion-fullwidth.fusion-builder-row-3 a:not(.fusion-button):not(.fusion-builder-module-control):not(.fusion-social-network-icon):not(.fb-icon-element):not(.fusion-countdown-link):not(.fusion-rollover-link):not(.fusion-rollover-gallery):not(.fusion-button-bar):not(.add_to_cart_button):not(.show_details_button):not(.product_type_external):not(.fusion-quick-view):not(.fusion-rollover-title-link):not(.fusion-breadcrumb-link):before, .fusion-fullwidth.fusion-builder-row-3 a:not(.fusion-button):not(.fusion-builder-module-control):not(.fusion-social-network-icon):not(.fb-icon-element):not(.fusion-countdown-link):not(.fusion-rollover-link):not(.fusion-rollover-gallery):not(.fusion-button-bar):not(.add_to_cart_button):not(.show_details_button):not(.product_type_external):not(.fusion-quick-view):not(.fusion-rollover-title-link):not(.fusion-breadcrumb-link):after {color: #343e4e;}.fusion-fullwidth.fusion-builder-row-3 a:not(.fusion-button):not(.fusion-builder-module-control):not(.fusion-social-network-icon):not(.fb-icon-element):not(.fusion-countdown-link):not(.fusion-rollover-link):not(.fusion-rollover-gallery):not(.fusion-button-bar):not(.add_to_cart_button):not(.show_details_button):not(.product_type_external):not(.fusion-quick-view):not(.fusion-rollover-title-link):not(.fusion-breadcrumb-link):hover, .fusion-fullwidth.fusion-builder-row-3 a:not(.fusion-button):not(.fusion-builder-module-control):not(.fusion-social-network-icon):not(.fb-icon-element):not(.fusion-countdown-link):not(.fusion-rollover-link):not(.fusion-rollover-gallery):not(.fusion-button-bar):not(.add_to_cart_button):not(.show_details_button):not(.product_type_external):not(.fusion-quick-view):not(.fusion-rollover-title-link):not(.fusion-breadcrumb-link):hover:before, .fusion-fullwidth.fusion-builder-row-3 a:not(.fusion-button):not(.fusion-builder-module-control):not(.fusion-social-network-icon):not(.fb-icon-element):not(.fusion-countdown-link):not(.fusion-rollover-link):not(.fusion-rollover-gallery):not(.fusion-button-bar):not(.add_to_cart_button):not(.show_details_button):not(.product_type_external):not(.fusion-quick-view):not(.fusion-rollover-title-link):not(.fusion-breadcrumb-link):hover:after {color: #bfcbd1;}.fusion-fullwidth.fusion-builder-row-3 .pagination a.inactive:hover, .fusion-fullwidth.fusion-builder-row-3 .fusion-filters .fusion-filter.fusion-active a {border-color: #bfcbd1;}.fusion-fullwidth.fusion-builder-row-3 .pagination .current {border-color: #bfcbd1; background-color: #bfcbd1;}.fusion-fullwidth.fusion-builder-row-3 .fusion-filters .fusion-filter.fusion-active a, .fusion-fullwidth.fusion-builder-row-3 .fusion-date-and-formats .fusion-format-box, .fusion-fullwidth.fusion-builder-row-3 .fusion-popover, .fusion-fullwidth.fusion-builder-row-3 .tooltip-shortcode {color: #bfcbd1;}#main .fusion-fullwidth.fusion-builder-row-3 .post .blog-shortcode-post-title a:hover {color: #bfcbd1;}<\/style><\/p>","protected":false},"excerpt":{"rendered":"","protected":false},"author":1,"featured_media":0,"parent":0,"menu_order":0,"comment_status":"closed","ping_status":"closed","template":"","meta":[],"yoast_head":"<!-- This site is optimized with the Yoast SEO plugin v19.0 - https:\/\/yoast.com\/wordpress\/plugins\/seo\/ -->\n<title>STABLES - Trotters For All<\/title>\n<meta name=\"robots\" content=\"index, follow, max-snippet:-1, max-image-preview:large, max-video-preview:-1\" \/>\n<link rel=\"canonical\" href=\"https:\/\/trottersforall.com\/sv\/stables\/\" \/>\n<meta property=\"og:locale\" content=\"sv_SE\" \/>\n<meta property=\"og:type\" content=\"article\" \/>\n<meta property=\"og:title\" content=\"STABLES - Trotters For All\" \/>\n<meta property=\"og:url\" content=\"https:\/\/trottersforall.com\/sv\/stables\/\" \/>\n<meta property=\"og:site_name\" content=\"Trotters For All\" \/>\n<meta property=\"article:modified_time\" content=\"2020-06-05T12:50:07+00:00\" \/>\n<meta name=\"twitter:card\" content=\"summary_large_image\" \/>\n<meta name=\"twitter:label1\" content=\"Ber\u00e4knad l\u00e4stid\" \/>\n\t<meta name=\"twitter:data1\" content=\"10 minuter\" \/>\n<script type=\"application\/ld+json\" class=\"yoast-schema-graph\">{\"@context\":\"https:\/\/schema.org\",\"@graph\":[{\"@type\":\"WebSite\",\"@id\":\"https:\/\/trottersforall.com\/#website\",\"url\":\"https:\/\/trottersforall.com\/\",\"name\":\"Trotters For All\",\"description\":\"Breeding - Trotters for sale - Racing\",\"potentialAction\":[{\"@type\":\"SearchAction\",\"target\":{\"@type\":\"EntryPoint\",\"urlTemplate\":\"https:\/\/trottersforall.com\/?s={search_term_string}\"},\"query-input\":\"required name=search_term_string\"}],\"inLanguage\":\"sv-SE\"},{\"@type\":\"WebPage\",\"@id\":\"https:\/\/trottersforall.com\/stables\/#webpage\",\"url\":\"https:\/\/trottersforall.com\/stables\/\",\"name\":\"STABLES - Trotters For All\",\"isPartOf\":{\"@id\":\"https:\/\/trottersforall.com\/#website\"},\"datePublished\":\"2020-04-29T13:06:23+00:00\",\"dateModified\":\"2020-06-05T12:50:07+00:00\",\"breadcrumb\":{\"@id\":\"https:\/\/trottersforall.com\/stables\/#breadcrumb\"},\"inLanguage\":\"sv-SE\",\"potentialAction\":[{\"@type\":\"ReadAction\",\"target\":[\"https:\/\/trottersforall.com\/stables\/\"]}]},{\"@type\":\"BreadcrumbList\",\"@id\":\"https:\/\/trottersforall.com\/stables\/#breadcrumb\",\"itemListElement\":[{\"@type\":\"ListItem\",\"position\":1,\"name\":\"Home\",\"item\":\"https:\/\/trottersforall.com\/\"},{\"@type\":\"ListItem\",\"position\":2,\"name\":\"STABLES\"}]}]}<\/script>\n<!-- \/ Yoast SEO plugin. -->","yoast_head_json":{"title":"STABLES - Trotters For All","robots":{"index":"index","follow":"follow","max-snippet":"max-snippet:-1","max-image-preview":"max-image-preview:large","max-video-preview":"max-video-preview:-1"},"canonical":"https:\/\/trottersforall.com\/sv\/stables\/","og_locale":"sv_SE","og_type":"article","og_title":"STABLES - Trotters For All","og_url":"https:\/\/trottersforall.com\/sv\/stables\/","og_site_name":"Trotters For All","article_modified_time":"2020-06-05T12:50:07+00:00","twitter_card":"summary_large_image","twitter_misc":{"Ber\u00e4knad l\u00e4stid":"10 minuter"},"schema":{"@context":"https:\/\/schema.org","@graph":[{"@type":"WebSite","@id":"https:\/\/trottersforall.com\/#website","url":"https:\/\/trottersforall.com\/","name":"Trotters For All","description":"Breeding - Trotters for sale - Racing","potentialAction":[{"@type":"SearchAction","target":{"@type":"EntryPoint","urlTemplate":"https:\/\/trottersforall.com\/?s={search_term_string}"},"query-input":"required name=search_term_string"}],"inLanguage":"sv-SE"},{"@type":"WebPage","@id":"https:\/\/trottersforall.com\/stables\/#webpage","url":"https:\/\/trottersforall.com\/stables\/","name":"STABLES - Trotters For All","isPartOf":{"@id":"https:\/\/trottersforall.com\/#website"},"datePublished":"2020-04-29T13:06:23+00:00","dateModified":"2020-06-05T12:50:07+00:00","breadcrumb":{"@id":"https:\/\/trottersforall.com\/stables\/#breadcrumb"},"inLanguage":"sv-SE","potentialAction":[{"@type":"ReadAction","target":["https:\/\/trottersforall.com\/stables\/"]}]},{"@type":"BreadcrumbList","@id":"https:\/\/trottersforall.com\/stables\/#breadcrumb","itemListElement":[{"@type":"ListItem","position":1,"name":"Home","item":"https:\/\/trottersforall.com\/"},{"@type":"ListItem","position":2,"name":"STABLES"}]}]}},"_links":{"self":[{"href":"https:\/\/trottersforall.com\/sv\/wp-json\/wp\/v2\/pages\/17"}],"collection":[{"href":"https:\/\/trottersforall.com\/sv\/wp-json\/wp\/v2\/pages"}],"about":[{"href":"https:\/\/trottersforall.com\/sv\/wp-json\/wp\/v2\/types\/page"}],"author":[{"embeddable":true,"href":"https:\/\/trottersforall.com\/sv\/wp-json\/wp\/v2\/users\/1"}],"replies":[{"embeddable":true,"href":"https:\/\/trottersforall.com\/sv\/wp-json\/wp\/v2\/comments?post=17"}],"version-history":[{"count":44,"href":"https:\/\/trottersforall.com\/sv\/wp-json\/wp\/v2\/pages\/17\/revisions"}],"predecessor-version":[{"id":276,"href":"https:\/\/trottersforall.com\/sv\/wp-json\/wp\/v2\/pages\/17\/revisions\/276"}],"wp:attachment":[{"href":"https:\/\/trottersforall.com\/sv\/wp-json\/wp\/v2\/media?parent=17"}],"curies":[{"name":"wp","href":"https:\/\/api.w.org\/{rel}","templated":true}]}}