{"id":21,"date":"2020-04-29T13:06:52","date_gmt":"2020-04-29T13:06:52","guid":{"rendered":"http:\/\/trottersforall.com\/?page_id=21"},"modified":"2020-07-08T15:22:28","modified_gmt":"2020-07-08T15:22:28","slug":"contact","status":"publish","type":"page","link":"https:\/\/trottersforall.com\/sv\/contact\/","title":{"rendered":"KONTAKT"},"content":{"rendered":"<div class=\"fusion-fullwidth fullwidth-box fusion-builder-row-1 nonhundred-percent-fullwidth non-hundred-percent-height-scrolling\"  style='background-color: rgba(255,255,255,0);background-position: center center;background-repeat: no-repeat;padding-top:0px;padding-right:0px;padding-bottom:0px;padding-left:0px;'><div class=\"fusion-builder-row fusion-row\"><div  class=\"fusion-layout-column fusion_builder_column fusion_builder_column_1_2 fusion-builder-column-0 fusion-one-half fusion-column-first 1_2\"  style='margin-top:0px;margin-bottom:20px;width:50%;width:calc(50% - ( ( 4% ) * 0.5 ) );margin-right: 4%;'><div class=\"fusion-column-wrapper\" style=\"padding: 0px 0px 0px 0px;background-position:left top;background-repeat:no-repeat;-webkit-background-size:cover;-moz-background-size:cover;-o-background-size:cover;background-size:cover;\"   data-bg-url=\"\"><span style=\"border:8px solid #d2c7bb;margin-right:25px;float:left;\" class=\"fusion-imageframe imageframe-none imageframe-1 hover-type-zoomin\"><img loading=\"lazy\" src=\"http:\/\/trottersforall.com\/wp-content\/uploads\/2020\/07\/Cayucus-pris-MIN-kontaktsida.jpg\" width=\"1208\" height=\"912\" alt=\"\" title=\"Cayucus pris MIN kontaktsida\" class=\"img-responsive wp-image-315\" srcset=\"https:\/\/trottersforall.com\/wp-content\/uploads\/2020\/07\/Cayucus-pris-MIN-kontaktsida-200x151.jpg 200w, https:\/\/trottersforall.com\/wp-content\/uploads\/2020\/07\/Cayucus-pris-MIN-kontaktsida-400x302.jpg 400w, https:\/\/trottersforall.com\/wp-content\/uploads\/2020\/07\/Cayucus-pris-MIN-kontaktsida-600x453.jpg 600w, https:\/\/trottersforall.com\/wp-content\/uploads\/2020\/07\/Cayucus-pris-MIN-kontaktsida-800x604.jpg 800w, https:\/\/trottersforall.com\/wp-content\/uploads\/2020\/07\/Cayucus-pris-MIN-kontaktsida-1200x906.jpg 1200w, https:\/\/trottersforall.com\/wp-content\/uploads\/2020\/07\/Cayucus-pris-MIN-kontaktsida.jpg 1208w\" sizes=\"(max-width: 800px) 100vw, 600px\" \/><\/span><div class=\"fusion-clearfix\"><\/div><\/div><\/div><div  class=\"fusion-layout-column fusion_builder_column fusion_builder_column_1_2 fusion-builder-column-1 fusion-one-half fusion-column-last 1_2\"  style='margin-top:0px;margin-bottom:20px;width:50%;width:calc(50% - ( ( 4% ) * 0.5 ) );'><div class=\"fusion-column-wrapper\" style=\"padding: 0px 0px 0px 0px;background-position:left top;background-repeat:no-repeat;-webkit-background-size:cover;-moz-background-size:cover;-o-background-size:cover;background-size:cover;\"   data-bg-url=\"\"><div class=\"fusion-text\"><p><strong>Jan Henriksson<\/strong><\/p>\n<p><span style=\"font-weight: 400;\"><i class=\"fb-icon-element-1 fb-icon-element fontawesome-icon fa-phone-square fas circle-yes fusion-text-flow\" style=\"font-size:19.36px;line-height:38.72px;height:38.72px;width:38.72px;border-width:0px;margin-right:11px;\"><\/i><style>i.fontawesome-icon.fb-icon-element-1{ color: #fffaf4; background-color: #946960; border-color: #4a4e57;}i.fontawesome-icon.fb-icon-element-1:hover { color: #ffffff; background-color: #d2c7bb; border-color: #65bc7b;}<\/style>+46705 31 09 81<\/span><\/p>\n<p><i class=\"fb-icon-element-2 fb-icon-element fontawesome-icon fa-paper-plane fas circle-yes fusion-text-flow\" style=\"font-size:19.36px;line-height:38.72px;height:38.72px;width:38.72px;border-width:0px;margin-right:11px;\"><\/i><style>i.fontawesome-icon.fb-icon-element-2{ color: #fffaf4; background-color: #946960; border-color: #4a4e57;}i.fontawesome-icon.fb-icon-element-2:hover { color: #ffffff; background-color: #d2c7bb; border-color: #65bc7b;}<\/style> <a href=\"mailto:trotters.jh@gmail.com\">trotters.jh@gmail.com<\/a><\/p>\n<p><strong>Jeanet \u00c5rman<\/strong><\/p>\n<p><i class=\"fb-icon-element-3 fb-icon-element fontawesome-icon fa-paper-plane fas circle-yes fusion-text-flow\" style=\"font-size:19.36px;line-height:38.72px;height:38.72px;width:38.72px;border-width:0px;margin-right:11px;\"><\/i><style>i.fontawesome-icon.fb-icon-element-3{ color: #fffaf4; background-color: #946960; border-color: #4a4e57;}i.fontawesome-icon.fb-icon-element-3:hover { color: #ffffff; background-color: #d2c7bb; border-color: #65bc7b;}<\/style> <a href=\"mailto:trotters.ja@gmail.com\">trotters.ja@gmail.com<\/a><\/p>\n<p><strong>Address:\u00a0<\/strong><\/p>\n<p class=\"heading--5 mb-2\">Norra V\u00e5nga F\u00e5r\u00f6na 1<\/p>\n<div class=\"d-flex justify-content-between\">\n<p class=\"font-normal\"><span class=\"d-block mb-1 linked\" data-test=\"full-address\">535 93 Kv\u00e4num<\/span><\/p>\n<\/div>\n<\/div><div class=\"fusion-clearfix\"><\/div><\/div><\/div><\/div><\/div><style type=\"text\/css\">.fusion-fullwidth.fusion-builder-row-1 a:not(.fusion-button):not(.fusion-builder-module-control):not(.fusion-social-network-icon):not(.fb-icon-element):not(.fusion-countdown-link):not(.fusion-rollover-link):not(.fusion-rollover-gallery):not(.fusion-button-bar):not(.add_to_cart_button):not(.show_details_button):not(.product_type_external):not(.fusion-quick-view):not(.fusion-rollover-title-link):not(.fusion-breadcrumb-link) , .fusion-fullwidth.fusion-builder-row-1 a:not(.fusion-button):not(.fusion-builder-module-control):not(.fusion-social-network-icon):not(.fb-icon-element):not(.fusion-countdown-link):not(.fusion-rollover-link):not(.fusion-rollover-gallery):not(.fusion-button-bar):not(.add_to_cart_button):not(.show_details_button):not(.product_type_external):not(.fusion-quick-view):not(.fusion-rollover-title-link):not(.fusion-breadcrumb-link):before, .fusion-fullwidth.fusion-builder-row-1 a:not(.fusion-button):not(.fusion-builder-module-control):not(.fusion-social-network-icon):not(.fb-icon-element):not(.fusion-countdown-link):not(.fusion-rollover-link):not(.fusion-rollover-gallery):not(.fusion-button-bar):not(.add_to_cart_button):not(.show_details_button):not(.product_type_external):not(.fusion-quick-view):not(.fusion-rollover-title-link):not(.fusion-breadcrumb-link):after {color: #343e4e;}.fusion-fullwidth.fusion-builder-row-1 a:not(.fusion-button):not(.fusion-builder-module-control):not(.fusion-social-network-icon):not(.fb-icon-element):not(.fusion-countdown-link):not(.fusion-rollover-link):not(.fusion-rollover-gallery):not(.fusion-button-bar):not(.add_to_cart_button):not(.show_details_button):not(.product_type_external):not(.fusion-quick-view):not(.fusion-rollover-title-link):not(.fusion-breadcrumb-link):hover, .fusion-fullwidth.fusion-builder-row-1 a:not(.fusion-button):not(.fusion-builder-module-control):not(.fusion-social-network-icon):not(.fb-icon-element):not(.fusion-countdown-link):not(.fusion-rollover-link):not(.fusion-rollover-gallery):not(.fusion-button-bar):not(.add_to_cart_button):not(.show_details_button):not(.product_type_external):not(.fusion-quick-view):not(.fusion-rollover-title-link):not(.fusion-breadcrumb-link):hover:before, .fusion-fullwidth.fusion-builder-row-1 a:not(.fusion-button):not(.fusion-builder-module-control):not(.fusion-social-network-icon):not(.fb-icon-element):not(.fusion-countdown-link):not(.fusion-rollover-link):not(.fusion-rollover-gallery):not(.fusion-button-bar):not(.add_to_cart_button):not(.show_details_button):not(.product_type_external):not(.fusion-quick-view):not(.fusion-rollover-title-link):not(.fusion-breadcrumb-link):hover:after {color: #bfcbd1;}.fusion-fullwidth.fusion-builder-row-1 .pagination a.inactive:hover, .fusion-fullwidth.fusion-builder-row-1 .fusion-filters .fusion-filter.fusion-active a {border-color: #bfcbd1;}.fusion-fullwidth.fusion-builder-row-1 .pagination .current {border-color: #bfcbd1; background-color: #bfcbd1;}.fusion-fullwidth.fusion-builder-row-1 .fusion-filters .fusion-filter.fusion-active a, .fusion-fullwidth.fusion-builder-row-1 .fusion-date-and-formats .fusion-format-box, .fusion-fullwidth.fusion-builder-row-1 .fusion-popover, .fusion-fullwidth.fusion-builder-row-1 .tooltip-shortcode {color: #bfcbd1;}#main .fusion-fullwidth.fusion-builder-row-1 .post .blog-shortcode-post-title a:hover {color: #bfcbd1;}<\/style>","protected":false},"excerpt":{"rendered":"","protected":false},"author":1,"featured_media":0,"parent":0,"menu_order":0,"comment_status":"closed","ping_status":"closed","template":"","meta":[],"yoast_head":"<!-- This site is optimized with the Yoast SEO plugin v19.0 - https:\/\/yoast.com\/wordpress\/plugins\/seo\/ -->\n<title>CONTACT - Trotters For All<\/title>\n<meta name=\"robots\" content=\"index, follow, max-snippet:-1, max-image-preview:large, max-video-preview:-1\" \/>\n<link rel=\"canonical\" href=\"https:\/\/trottersforall.com\/sv\/contact\/\" \/>\n<meta property=\"og:locale\" content=\"sv_SE\" \/>\n<meta property=\"og:type\" content=\"article\" \/>\n<meta property=\"og:title\" content=\"CONTACT - Trotters For All\" \/>\n<meta property=\"og:url\" content=\"https:\/\/trottersforall.com\/sv\/contact\/\" \/>\n<meta property=\"og:site_name\" content=\"Trotters For All\" \/>\n<meta property=\"article:modified_time\" content=\"2020-07-08T15:22:28+00:00\" \/>\n<meta name=\"twitter:card\" content=\"summary_large_image\" \/>\n<meta name=\"twitter:label1\" content=\"Ber\u00e4knad l\u00e4stid\" \/>\n\t<meta name=\"twitter:data1\" content=\"4 minuter\" \/>\n<script type=\"application\/ld+json\" class=\"yoast-schema-graph\">{\"@context\":\"https:\/\/schema.org\",\"@graph\":[{\"@type\":\"WebSite\",\"@id\":\"https:\/\/trottersforall.com\/#website\",\"url\":\"https:\/\/trottersforall.com\/\",\"name\":\"Trotters For All\",\"description\":\"Breeding - Trotters for sale - Racing\",\"potentialAction\":[{\"@type\":\"SearchAction\",\"target\":{\"@type\":\"EntryPoint\",\"urlTemplate\":\"https:\/\/trottersforall.com\/?s={search_term_string}\"},\"query-input\":\"required name=search_term_string\"}],\"inLanguage\":\"sv-SE\"},{\"@type\":\"WebPage\",\"@id\":\"https:\/\/trottersforall.com\/contact\/#webpage\",\"url\":\"https:\/\/trottersforall.com\/contact\/\",\"name\":\"CONTACT - Trotters For All\",\"isPartOf\":{\"@id\":\"https:\/\/trottersforall.com\/#website\"},\"datePublished\":\"2020-04-29T13:06:52+00:00\",\"dateModified\":\"2020-07-08T15:22:28+00:00\",\"breadcrumb\":{\"@id\":\"https:\/\/trottersforall.com\/contact\/#breadcrumb\"},\"inLanguage\":\"sv-SE\",\"potentialAction\":[{\"@type\":\"ReadAction\",\"target\":[\"https:\/\/trottersforall.com\/contact\/\"]}]},{\"@type\":\"BreadcrumbList\",\"@id\":\"https:\/\/trottersforall.com\/contact\/#breadcrumb\",\"itemListElement\":[{\"@type\":\"ListItem\",\"position\":1,\"name\":\"Home\",\"item\":\"https:\/\/trottersforall.com\/\"},{\"@type\":\"ListItem\",\"position\":2,\"name\":\"CONTACT\"}]}]}<\/script>\n<!-- \/ Yoast SEO plugin. -->","yoast_head_json":{"title":"CONTACT - Trotters For All","robots":{"index":"index","follow":"follow","max-snippet":"max-snippet:-1","max-image-preview":"max-image-preview:large","max-video-preview":"max-video-preview:-1"},"canonical":"https:\/\/trottersforall.com\/sv\/contact\/","og_locale":"sv_SE","og_type":"article","og_title":"CONTACT - Trotters For All","og_url":"https:\/\/trottersforall.com\/sv\/contact\/","og_site_name":"Trotters For All","article_modified_time":"2020-07-08T15:22:28+00:00","twitter_card":"summary_large_image","twitter_misc":{"Ber\u00e4knad l\u00e4stid":"4 minuter"},"schema":{"@context":"https:\/\/schema.org","@graph":[{"@type":"WebSite","@id":"https:\/\/trottersforall.com\/#website","url":"https:\/\/trottersforall.com\/","name":"Trotters For All","description":"Breeding - Trotters for sale - Racing","potentialAction":[{"@type":"SearchAction","target":{"@type":"EntryPoint","urlTemplate":"https:\/\/trottersforall.com\/?s={search_term_string}"},"query-input":"required name=search_term_string"}],"inLanguage":"sv-SE"},{"@type":"WebPage","@id":"https:\/\/trottersforall.com\/contact\/#webpage","url":"https:\/\/trottersforall.com\/contact\/","name":"CONTACT - Trotters For All","isPartOf":{"@id":"https:\/\/trottersforall.com\/#website"},"datePublished":"2020-04-29T13:06:52+00:00","dateModified":"2020-07-08T15:22:28+00:00","breadcrumb":{"@id":"https:\/\/trottersforall.com\/contact\/#breadcrumb"},"inLanguage":"sv-SE","potentialAction":[{"@type":"ReadAction","target":["https:\/\/trottersforall.com\/contact\/"]}]},{"@type":"BreadcrumbList","@id":"https:\/\/trottersforall.com\/contact\/#breadcrumb","itemListElement":[{"@type":"ListItem","position":1,"name":"Home","item":"https:\/\/trottersforall.com\/"},{"@type":"ListItem","position":2,"name":"CONTACT"}]}]}},"_links":{"self":[{"href":"https:\/\/trottersforall.com\/sv\/wp-json\/wp\/v2\/pages\/21"}],"collection":[{"href":"https:\/\/trottersforall.com\/sv\/wp-json\/wp\/v2\/pages"}],"about":[{"href":"https:\/\/trottersforall.com\/sv\/wp-json\/wp\/v2\/types\/page"}],"author":[{"embeddable":true,"href":"https:\/\/trottersforall.com\/sv\/wp-json\/wp\/v2\/users\/1"}],"replies":[{"embeddable":true,"href":"https:\/\/trottersforall.com\/sv\/wp-json\/wp\/v2\/comments?post=21"}],"version-history":[{"count":26,"href":"https:\/\/trottersforall.com\/sv\/wp-json\/wp\/v2\/pages\/21\/revisions"}],"predecessor-version":[{"id":316,"href":"https:\/\/trottersforall.com\/sv\/wp-json\/wp\/v2\/pages\/21\/revisions\/316"}],"wp:attachment":[{"href":"https:\/\/trottersforall.com\/sv\/wp-json\/wp\/v2\/media?parent=21"}],"curies":[{"name":"wp","href":"https:\/\/api.w.org\/{rel}","templated":true}]}}